{"id":10573,"date":"2025-12-02T17:16:56","date_gmt":"2025-12-02T16:16:56","guid":{"rendered":"https:\/\/colloquium.dental\/?page_id=10573"},"modified":"2026-02-24T12:15:09","modified_gmt":"2026-02-24T11:15:09","slug":"2024-edition","status":"publish","type":"page","link":"https:\/\/colloquium.dental\/en\/2024-edition\/","title":{"rendered":"Events and speakers 2024"},"content":{"rendered":"\n<div class=\"wp-block-group\"><div class=\"wp-block-group__inner-container is-layout-constrained wp-block-group-is-layout-constrained\">\n<div class=\"wp-block-columns is-layout-flex wp-container-core-columns-is-layout-9d6595d7 wp-block-columns-is-layout-flex\">\n<div class=\"wp-block-column is-layout-flow wp-block-column-is-layout-flow\">\n<h2 class=\"wp-block-heading\">17 october 2024<\/h2>\n<\/div>\n<\/div>\n\n\n\n<div class=\"wp-block-columns is-layout-flex wp-container-core-columns-is-layout-9d6595d7 wp-block-columns-is-layout-flex\">\n<div class=\"wp-block-column is-layout-flow wp-block-column-is-layout-flow\">\n<h4 class=\"wp-block-heading\">Pre-congress course. From the dental office of Dr. Andrea Savi: Live surgery &#8211; Full arch challenge! Step by step from planning to immediate loading<\/h4>\n\n\n\n<p>Venezia Piero, Massironi Domenico, Pispero Alberto, Barbieri Christian, De Francesco Maurizio, Rampulla Giuseppe.<\/p>\n<\/div>\n\n\n\n<div class=\"wp-block-column is-layout-flow wp-block-column-is-layout-flow\"><\/div>\n\n\n\n<div class=\"wp-block-column is-layout-flow wp-block-column-is-layout-flow\"><\/div>\n<\/div>\n<\/div><\/div>\n\n\n\n<div class=\"wp-block-group\"><div class=\"wp-block-group__inner-container is-layout-constrained wp-block-group-is-layout-constrained\">\n<div class=\"wp-block-columns is-layout-flex wp-container-core-columns-is-layout-9d6595d7 wp-block-columns-is-layout-flex\">\n<div class=\"wp-block-column is-layout-flow wp-block-column-is-layout-flow\">\n<h2 class=\"wp-block-heading\">18 ottobre 2024<\/h2>\n<\/div>\n<\/div>\n\n\n\n<div class=\"wp-block-columns is-layout-flex wp-container-core-columns-is-layout-9d6595d7 wp-block-columns-is-layout-flex\">\n<div class=\"wp-block-column is-layout-flow wp-block-column-is-layout-flow\">\n<h4 class=\"wp-block-heading\">The world\u2019s dentistry and dental technology excellence meet at colloquium dental<\/h4>\n\n\n\n<p><strong>\u201c \u2026 and everyone lived joyful and happy\u201d \u2013 But is it really true? \u2013<\/strong><\/p>\n\n\n\n<p>Allais Giuseppe, Geller Willi.<\/p>\n\n\n\n<p><strong>Holistic approach of full mouth reabilitation with plane system<\/strong><\/p>\n\n\n\n<p>Sampol Reus Joan.<\/p>\n\n\n\n<p><strong>Low fusion ceramics in practice. Tips and tricks<\/strong><\/p>\n\n\n\n<p>Breda Marcio.<\/p>\n\n\n\n<p><strong>Full digital approach for complex oral rehabilitations on implants<\/strong><\/p>\n\n\n\n<p>Petri Ana, Mitea Horatiu, Petri Cristian.<\/p>\n\n\n\n<p><strong>Science in Digital Dentistry based on university research and clinical practice<\/strong><\/p>\n\n\n\n<p>R\u00f3th Ivett, G\u00e9czi Zolt\u00e1n.<\/p>\n\n\n\n<p><strong>Aesthetic Restoration: Technical Solutions For Every Clinical Case<\/strong><\/p>\n\n\n\n<p>Yamada Kazunobu.<\/p>\n\n\n\n<p><strong>Veneers, paradigm shift! Introducing the method<\/strong><\/p>\n\n\n\n<p>Sommella Attilio.<\/p>\n\n\n\n<p><strong>THE VIRTUOUS CIRCLE: patient health and dental office prosperity<\/strong><\/p>\n\n\n\n<p>Zolk Fabian.<\/p>\n<\/div>\n\n\n\n<div class=\"wp-block-column is-layout-flow wp-block-column-is-layout-flow\"><\/div>\n\n\n\n<div class=\"wp-block-column is-layout-flow wp-block-column-is-layout-flow\"><\/div>\n<\/div>\n<\/div><\/div>\n\n\n\n<div class=\"wp-block-group\"><div class=\"wp-block-group__inner-container is-layout-constrained wp-block-group-is-layout-constrained\">\n<div class=\"wp-block-columns is-layout-flex wp-container-core-columns-is-layout-9d6595d7 wp-block-columns-is-layout-flex\">\n<div class=\"wp-block-column is-layout-flow wp-block-column-is-layout-flow\">\n<h2 class=\"wp-block-heading\">19 ottobre 2024<\/h2>\n<\/div>\n<\/div>\n\n\n\n<div class=\"wp-block-columns is-layout-flex wp-container-core-columns-is-layout-9d6595d7 wp-block-columns-is-layout-flex\">\n<div class=\"wp-block-column is-layout-flow wp-block-column-is-layout-flow\">\n<h4 class=\"wp-block-heading\">the world\u2019s dentistry and dental technology excellence meet at colloquium dental<\/h4>\n\n\n\n<p><strong>\u201cMicrowave sintered zirconia\u201d: microwave technology applied to multilayer zirconia<\/strong><\/p>\n\n\n\n<p>Berzaghi Andrea, Rossi Germano.<\/p>\n\n\n\n<p><strong>Surgical &amp; prosthetic therapy plans in \u201cforgotten\u201d patients<\/strong><\/p>\n\n\n\n<p>Cannizzaro Gioacchino.<\/p>\n\n\n\n<p><strong>The All-on-4 treatment concept \u2013 challenges and evolution of restoring fully edentulous and failing dentition patients<\/strong><\/p>\n\n\n\n<p>Ferro Ana.<\/p>\n\n\n\n<p><strong>Virtual patient concept in functional and esthetic rehabilitation: a digital workflow for multidisciplinary diagnosis and treatment<\/strong><\/p>\n\n\n\n<p>Zhang Haidong, Luo Zhiqiang.<\/p>\n<\/div>\n\n\n\n<div class=\"wp-block-column is-layout-flow wp-block-column-is-layout-flow\"><\/div>\n\n\n\n<div class=\"wp-block-column is-layout-flow wp-block-column-is-layout-flow\"><\/div>\n<\/div>\n<\/div><\/div>\n","protected":false},"excerpt":{"rendered":"<p>17 october 2024 Pre-congress course. From the dental office of Dr. Andrea Savi: Live surgery &#8211; Full arch challenge! Step by step from planning to immediate loading Venezia Piero, Massironi Domenico, Pispero Alberto, Barbieri Christian, De Francesco Maurizio, Rampulla Giuseppe. 18 ottobre 2024 The world\u2019s dentistry and dental technology excellence meet at colloquium dental \u201c [&hellip;]<\/p>\n","protected":false},"author":1,"featured_media":0,"parent":0,"menu_order":0,"comment_status":"closed","ping_status":"closed","template":"","meta":{"_acf_changed":false,"_uag_custom_page_level_css":"","pgc_sgb_lightbox_settings":"","footnotes":""},"class_list":["post-10573","page","type-page","status-publish","hentry"],"acf":[],"yoast_head":"<!-- This site is optimized with the Yoast SEO plugin v27.1.1 - https:\/\/yoast.com\/product\/yoast-seo-wordpress\/ -->\n<title>Events and speakers 2024 | Colloquium DENTAL SHOW<\/title>\n<meta name=\"robots\" content=\"index, follow, max-snippet:-1, max-image-preview:large, max-video-preview:-1\" \/>\n<link rel=\"canonical\" href=\"https:\/\/colloquium.dental\/en\/2024-edition\/\" \/>\n<meta property=\"og:locale\" content=\"en_US\" \/>\n<meta property=\"og:type\" content=\"article\" \/>\n<meta property=\"og:title\" content=\"Events and speakers 2024 | Colloquium DENTAL SHOW\" \/>\n<meta property=\"og:description\" content=\"17 october 2024 Pre-congress course. From the dental office of Dr. Andrea Savi: Live surgery &#8211; Full arch challenge! Step by step from planning to immediate loading Venezia Piero, Massironi Domenico, Pispero Alberto, Barbieri Christian, De Francesco Maurizio, Rampulla Giuseppe. 18 ottobre 2024 The world\u2019s dentistry and dental technology excellence meet at colloquium dental \u201c [&hellip;]\" \/>\n<meta property=\"og:url\" content=\"https:\/\/colloquium.dental\/en\/2024-edition\/\" \/>\n<meta property=\"og:site_name\" content=\"Colloquium DENTAL SHOW\" \/>\n<meta property=\"article:modified_time\" content=\"2026-02-24T11:15:09+00:00\" \/>\n<meta property=\"og:image\" content=\"https:\/\/colloquium.dental\/wp-content\/uploads\/2025\/12\/CDS_fb_evento_-scaled.jpg\" \/>\n\t<meta property=\"og:image:width\" content=\"2560\" \/>\n\t<meta property=\"og:image:height\" content=\"1440\" \/>\n\t<meta property=\"og:image:type\" content=\"image\/jpeg\" \/>\n<meta name=\"twitter:card\" content=\"summary_large_image\" \/>\n<meta name=\"twitter:label1\" content=\"Est. reading time\" \/>\n\t<meta name=\"twitter:data1\" content=\"2 minutes\" \/>\n<script type=\"application\/ld+json\" class=\"yoast-schema-graph\">{\"@context\":\"https:\/\/schema.org\",\"@graph\":[{\"@type\":\"WebPage\",\"@id\":\"https:\/\/colloquium.dental\/en\/2024-edition\/\",\"url\":\"https:\/\/colloquium.dental\/en\/2024-edition\/\",\"name\":\"Events and speakers 2024 | Colloquium DENTAL SHOW\",\"isPartOf\":{\"@id\":\"https:\/\/colloquium.dental\/#website\"},\"datePublished\":\"2025-12-02T16:16:56+00:00\",\"dateModified\":\"2026-02-24T11:15:09+00:00\",\"breadcrumb\":{\"@id\":\"https:\/\/colloquium.dental\/en\/2024-edition\/#breadcrumb\"},\"inLanguage\":\"en-US\",\"potentialAction\":[{\"@type\":\"ReadAction\",\"target\":[\"https:\/\/colloquium.dental\/en\/2024-edition\/\"]}]},{\"@type\":\"BreadcrumbList\",\"@id\":\"https:\/\/colloquium.dental\/en\/2024-edition\/#breadcrumb\",\"itemListElement\":[{\"@type\":\"ListItem\",\"position\":1,\"name\":\"Home\",\"item\":\"https:\/\/colloquium.dental\/en\/\"},{\"@type\":\"ListItem\",\"position\":2,\"name\":\"Events and speakers 2024\"}]},{\"@type\":\"WebSite\",\"@id\":\"https:\/\/colloquium.dental\/#website\",\"url\":\"https:\/\/colloquium.dental\/\",\"name\":\"Colloquium Dental Show\",\"description\":\"29 marzo | 1 aprile - Fiera di Brescia\",\"publisher\":{\"@id\":\"https:\/\/colloquium.dental\/#organization\"},\"alternateName\":\"Colloquium Dental Show\",\"potentialAction\":[{\"@type\":\"SearchAction\",\"target\":{\"@type\":\"EntryPoint\",\"urlTemplate\":\"https:\/\/colloquium.dental\/?s={search_term_string}\"},\"query-input\":{\"@type\":\"PropertyValueSpecification\",\"valueRequired\":true,\"valueName\":\"search_term_string\"}}],\"inLanguage\":\"en-US\"},{\"@type\":\"Organization\",\"@id\":\"https:\/\/colloquium.dental\/#organization\",\"name\":\"Colloquium Dental Show\",\"alternateName\":\"Colloquium Dental Show\",\"url\":\"https:\/\/colloquium.dental\/\",\"logo\":{\"@type\":\"ImageObject\",\"inLanguage\":\"en-US\",\"@id\":\"https:\/\/colloquium.dental\/#\/schema\/logo\/image\/\",\"url\":\"https:\/\/colloquium.dental\/wp-content\/uploads\/2025\/07\/Colloquium_Dental_Show.jpg\",\"contentUrl\":\"https:\/\/colloquium.dental\/wp-content\/uploads\/2025\/07\/Colloquium_Dental_Show.jpg\",\"width\":1337,\"height\":505,\"caption\":\"Colloquium Dental Show\"},\"image\":{\"@id\":\"https:\/\/colloquium.dental\/#\/schema\/logo\/image\/\"}}]}<\/script>\n<!-- \/ Yoast SEO plugin. -->","yoast_head_json":{"title":"Events and speakers 2024 | Colloquium DENTAL SHOW","robots":{"index":"index","follow":"follow","max-snippet":"max-snippet:-1","max-image-preview":"max-image-preview:large","max-video-preview":"max-video-preview:-1"},"canonical":"https:\/\/colloquium.dental\/en\/2024-edition\/","og_locale":"en_US","og_type":"article","og_title":"Events and speakers 2024 | Colloquium DENTAL SHOW","og_description":"17 october 2024 Pre-congress course. From the dental office of Dr. Andrea Savi: Live surgery &#8211; Full arch challenge! Step by step from planning to immediate loading Venezia Piero, Massironi Domenico, Pispero Alberto, Barbieri Christian, De Francesco Maurizio, Rampulla Giuseppe. 18 ottobre 2024 The world\u2019s dentistry and dental technology excellence meet at colloquium dental \u201c [&hellip;]","og_url":"https:\/\/colloquium.dental\/en\/2024-edition\/","og_site_name":"Colloquium DENTAL SHOW","article_modified_time":"2026-02-24T11:15:09+00:00","og_image":[{"width":2560,"height":1440,"url":"https:\/\/colloquium.dental\/wp-content\/uploads\/2025\/12\/CDS_fb_evento_-scaled.jpg","type":"image\/jpeg"}],"twitter_card":"summary_large_image","twitter_misc":{"Est. reading time":"2 minutes"},"schema":{"@context":"https:\/\/schema.org","@graph":[{"@type":"WebPage","@id":"https:\/\/colloquium.dental\/en\/2024-edition\/","url":"https:\/\/colloquium.dental\/en\/2024-edition\/","name":"Events and speakers 2024 | Colloquium DENTAL SHOW","isPartOf":{"@id":"https:\/\/colloquium.dental\/#website"},"datePublished":"2025-12-02T16:16:56+00:00","dateModified":"2026-02-24T11:15:09+00:00","breadcrumb":{"@id":"https:\/\/colloquium.dental\/en\/2024-edition\/#breadcrumb"},"inLanguage":"en-US","potentialAction":[{"@type":"ReadAction","target":["https:\/\/colloquium.dental\/en\/2024-edition\/"]}]},{"@type":"BreadcrumbList","@id":"https:\/\/colloquium.dental\/en\/2024-edition\/#breadcrumb","itemListElement":[{"@type":"ListItem","position":1,"name":"Home","item":"https:\/\/colloquium.dental\/en\/"},{"@type":"ListItem","position":2,"name":"Events and speakers 2024"}]},{"@type":"WebSite","@id":"https:\/\/colloquium.dental\/#website","url":"https:\/\/colloquium.dental\/","name":"Colloquium Dental Show","description":"29 marzo | 1 aprile - Fiera di Brescia","publisher":{"@id":"https:\/\/colloquium.dental\/#organization"},"alternateName":"Colloquium Dental Show","potentialAction":[{"@type":"SearchAction","target":{"@type":"EntryPoint","urlTemplate":"https:\/\/colloquium.dental\/?s={search_term_string}"},"query-input":{"@type":"PropertyValueSpecification","valueRequired":true,"valueName":"search_term_string"}}],"inLanguage":"en-US"},{"@type":"Organization","@id":"https:\/\/colloquium.dental\/#organization","name":"Colloquium Dental Show","alternateName":"Colloquium Dental Show","url":"https:\/\/colloquium.dental\/","logo":{"@type":"ImageObject","inLanguage":"en-US","@id":"https:\/\/colloquium.dental\/#\/schema\/logo\/image\/","url":"https:\/\/colloquium.dental\/wp-content\/uploads\/2025\/07\/Colloquium_Dental_Show.jpg","contentUrl":"https:\/\/colloquium.dental\/wp-content\/uploads\/2025\/07\/Colloquium_Dental_Show.jpg","width":1337,"height":505,"caption":"Colloquium Dental Show"},"image":{"@id":"https:\/\/colloquium.dental\/#\/schema\/logo\/image\/"}}]}},"uagb_featured_image_src":{"full":false,"thumbnail":false,"medium":false,"medium_large":false,"large":false,"1536x1536":false,"2048x2048":false,"fullscreen-thumb":false,"sponsor-thumb":false,"gallery-thumb":false,"speakers-thumb":false,"partner-big":false,"partner-medium":false,"partner-small":false},"uagb_author_info":{"display_name":"wndr-adm","author_link":"https:\/\/colloquium.dental\/en\/author\/wndr-adm\/"},"uagb_comment_info":0,"uagb_excerpt":"17 october 2024 Pre-congress course. From the dental office of Dr. Andrea Savi: Live surgery &#8211; Full arch challenge! Step by step from planning to immediate loading Venezia Piero, Massironi Domenico, Pispero Alberto, Barbieri Christian, De Francesco Maurizio, Rampulla Giuseppe. 18 ottobre 2024 The world\u2019s dentistry and dental technology excellence meet at colloquium dental \u201c&hellip;","_links":{"self":[{"href":"https:\/\/colloquium.dental\/en\/wp-json\/wp\/v2\/pages\/10573","targetHints":{"allow":["GET"]}}],"collection":[{"href":"https:\/\/colloquium.dental\/en\/wp-json\/wp\/v2\/pages"}],"about":[{"href":"https:\/\/colloquium.dental\/en\/wp-json\/wp\/v2\/types\/page"}],"author":[{"embeddable":true,"href":"https:\/\/colloquium.dental\/en\/wp-json\/wp\/v2\/users\/1"}],"replies":[{"embeddable":true,"href":"https:\/\/colloquium.dental\/en\/wp-json\/wp\/v2\/comments?post=10573"}],"version-history":[{"count":3,"href":"https:\/\/colloquium.dental\/en\/wp-json\/wp\/v2\/pages\/10573\/revisions"}],"predecessor-version":[{"id":10947,"href":"https:\/\/colloquium.dental\/en\/wp-json\/wp\/v2\/pages\/10573\/revisions\/10947"}],"wp:attachment":[{"href":"https:\/\/colloquium.dental\/en\/wp-json\/wp\/v2\/media?parent=10573"}],"curies":[{"name":"wp","href":"https:\/\/api.w.org\/{rel}","templated":true}]}}